{"id":368,"date":"2024-03-04T18:22:24","date_gmt":"2024-03-04T18:22:24","guid":{"rendered":"https:\/\/www.filizapart.com\/?page_id=368"},"modified":"2024-03-04T18:26:56","modified_gmt":"2024-03-04T18:26:56","slug":"cerez-politikasi","status":"publish","type":"page","link":"https:\/\/www.filizapart.com\/en\/cerez-politikasi\/","title":{"rendered":"Cookie Policy"},"content":{"rendered":"<div data-elementor-type=\"wp-page\" data-elementor-id=\"368\" class=\"elementor elementor-368\" data-elementor-post-type=\"page\">\n\t\t\t\t\t\t<section class=\"elementor-section elementor-top-section elementor-element elementor-element-b409612 elementor-section-boxed elementor-section-height-default elementor-section-height-default\" data-id=\"b409612\" data-element_type=\"section\">\n\t\t\t\t\t\t<div class=\"elementor-container elementor-column-gap-default\">\n\t\t\t\t\t<div class=\"elementor-column elementor-col-100 elementor-top-column elementor-element elementor-element-46ea66a\" data-id=\"46ea66a\" data-element_type=\"column\">\n\t\t\t<div class=\"elementor-widget-wrap elementor-element-populated\">\n\t\t\t\t\t\t<div class=\"elementor-element elementor-element-cf19b40 elementor-widget elementor-widget-text-editor\" data-id=\"cf19b40\" data-element_type=\"widget\" data-widget_type=\"text-editor.default\">\n\t\t\t\t<div class=\"elementor-widget-container\">\n\t\t\t<style>\/*! elementor - v3.21.0 - 30-04-2024 *\/\n.elementor-widget-text-editor.elementor-drop-cap-view-stacked .elementor-drop-cap{background-color:#69727d;color:#fff}.elementor-widget-text-editor.elementor-drop-cap-view-framed .elementor-drop-cap{color:#69727d;border:3px solid;background-color:transparent}.elementor-widget-text-editor:not(.elementor-drop-cap-view-default) .elementor-drop-cap{margin-top:8px}.elementor-widget-text-editor:not(.elementor-drop-cap-view-default) .elementor-drop-cap-letter{width:1em;height:1em}.elementor-widget-text-editor .elementor-drop-cap{float:left;text-align:center;line-height:1;font-size:50px}.elementor-widget-text-editor .elementor-drop-cap-letter{display:inline-block}<\/style>\t\t\t\t<p>This website uses cookies to offer personalized content and ads, analyze site traffic, improve user experience and enable safe navigation. Cookies are saved as small text files on user devices.<\/p><p><strong>What is a Cookie?<\/strong><\/p><p>Cookies are small text files placed on your browser when you visit a website. These files allow the website to interact with visitors like you, remember you and remember your preferences.<\/p><p><strong>What Types of Cookies Do We Use?<\/strong><\/p><ol><li><p><em>Mandatory Cookies:<\/em> It is used to enable basic website functions and ensure safe use.<\/p><\/li><li><p><em>Analytics and Performance Cookies:<\/em> It is used to analyze the use of the website and measure its performance. These cookies collect statistical data such as the number of visitors, visit durations, which pages are clicked and similar.<\/p><\/li><li><p><em>Advertising Cookies:<\/em> It is used to present advertisements customized to your interests. These cookies track user interaction to measure whether ads are effective.<\/p><\/li><\/ol><p><strong>How Can You Control Cookies?<\/strong><\/p><p>You can control cookies using your browser settings. You can choose to accept or reject cookies or notify you before each cookie request through your browser settings.<\/p><p><strong>Cookie Policy Updates:<\/strong><\/p><p>This cookie policy may be updated depending on changes made to our website. We recommend that you check this page regularly to follow our updated policies and see their current status.<\/p><p><strong>Contact information:<\/strong><\/p><p>E-Mail: bilgi@filizapart.com <br \/>Phone: +90 (266) 762 00 23<\/p><p>This cookie policy has been created to inform you about the use of cookies and to provide you with the opportunity to manage your cookie preferences. For more information or assistance, you can contact us using the contact information provided above.<\/p>\t\t\t\t\t\t<\/div>\n\t\t\t\t<\/div>\n\t\t\t\t\t<\/div>\n\t\t<\/div>\n\t\t\t\t\t<\/div>\n\t\t<\/section>\n\t\t\t\t<\/div>","protected":false},"excerpt":{"rendered":"<p>Bu web sitesi, ki\u015fiselle\u015ftirilmi\u015f i\u00e7erik ve reklamlar sunabilmek, site trafi\u011fini analiz edebilmek, kullan\u0131c\u0131 deneyimini geli\u015ftirebilmek ve g\u00fcvenli bir \u015fekilde gezinme imkan\u0131 sa\u011flayabilmek amac\u0131yla \u00e7erezleri kullanmaktad\u0131r. \u00c7erezler, kullan\u0131c\u0131 cihazlar\u0131na k\u00fc\u00e7\u00fck metin dosyalar\u0131 olarak kaydedilir. \u00c7erez Nedir? \u00c7erezler, bir web sitesini ziyaret etti\u011finizde taray\u0131c\u0131n\u0131za yerle\u015ftirilen k\u00fc\u00e7\u00fck metin dosyalar\u0131d\u0131r. Bu dosyalar, web sitesinin sizin gibi ziyaret\u00e7ilerle etkile\u015fim kurmas\u0131na, [&hellip;]<\/p>","protected":false},"author":1,"featured_media":0,"parent":0,"menu_order":0,"comment_status":"closed","ping_status":"closed","template":"elementor_header_footer","meta":{"footnotes":""},"class_list":["post-368","page","type-page","status-publish","hentry"],"acf":[],"yoast_head":"<!-- This site is optimized with the Yoast SEO plugin v22.6 - https:\/\/yoast.com\/wordpress\/plugins\/seo\/ -->\n<title>\u00c7erez Politikas\u0131 - G\u00f6nen Filiz Apart Pansiyon<\/title>\n<meta name=\"robots\" content=\"index, follow, max-snippet:-1, max-image-preview:large, max-video-preview:-1\" \/>\n<link rel=\"canonical\" href=\"https:\/\/www.filizapart.com\/en\/cerez-politikasi\/\" \/>\n<meta property=\"og:locale\" content=\"en_US\" \/>\n<meta property=\"og:type\" content=\"article\" \/>\n<meta property=\"og:title\" content=\"\u00c7erez Politikas\u0131 - G\u00f6nen Filiz Apart Pansiyon\" \/>\n<meta property=\"og:description\" content=\"Bu web sitesi, ki\u015fiselle\u015ftirilmi\u015f i\u00e7erik ve reklamlar sunabilmek, site trafi\u011fini analiz edebilmek, kullan\u0131c\u0131 deneyimini geli\u015ftirebilmek ve g\u00fcvenli bir \u015fekilde gezinme imkan\u0131 sa\u011flayabilmek amac\u0131yla \u00e7erezleri kullanmaktad\u0131r. \u00c7erezler, kullan\u0131c\u0131 cihazlar\u0131na k\u00fc\u00e7\u00fck metin dosyalar\u0131 olarak kaydedilir. \u00c7erez Nedir? \u00c7erezler, bir web sitesini ziyaret etti\u011finizde taray\u0131c\u0131n\u0131za yerle\u015ftirilen k\u00fc\u00e7\u00fck metin dosyalar\u0131d\u0131r. Bu dosyalar, web sitesinin sizin gibi ziyaret\u00e7ilerle etkile\u015fim kurmas\u0131na, [&hellip;]\" \/>\n<meta property=\"og:url\" content=\"https:\/\/www.filizapart.com\/en\/cerez-politikasi\/\" \/>\n<meta property=\"og:site_name\" content=\"G\u00f6nen Filiz Apart Pansiyon\" \/>\n<meta property=\"article:modified_time\" content=\"2024-03-04T18:26:56+00:00\" \/>\n<meta name=\"twitter:card\" content=\"summary_large_image\" \/>\n<meta name=\"twitter:label1\" content=\"Est. reading time\" \/>\n\t<meta name=\"twitter:data1\" content=\"2 minutes\" \/>\n<script type=\"application\/ld+json\" class=\"yoast-schema-graph\">{\"@context\":\"https:\/\/schema.org\",\"@graph\":[{\"@type\":\"WebPage\",\"@id\":\"https:\/\/www.filizapart.com\/cerez-politikasi\/\",\"url\":\"https:\/\/www.filizapart.com\/cerez-politikasi\/\",\"name\":\"\u00c7erez Politikas\u0131 - G\u00f6nen Filiz Apart Pansiyon\",\"isPartOf\":{\"@id\":\"https:\/\/www.filizapart.com\/#website\"},\"datePublished\":\"2024-03-04T18:22:24+00:00\",\"dateModified\":\"2024-03-04T18:26:56+00:00\",\"breadcrumb\":{\"@id\":\"https:\/\/www.filizapart.com\/cerez-politikasi\/#breadcrumb\"},\"inLanguage\":\"en-US\",\"potentialAction\":[{\"@type\":\"ReadAction\",\"target\":[\"https:\/\/www.filizapart.com\/cerez-politikasi\/\"]}]},{\"@type\":\"BreadcrumbList\",\"@id\":\"https:\/\/www.filizapart.com\/cerez-politikasi\/#breadcrumb\",\"itemListElement\":[{\"@type\":\"ListItem\",\"position\":1,\"name\":\"Anasayfa\",\"item\":\"https:\/\/www.filizapart.com\/\"},{\"@type\":\"ListItem\",\"position\":2,\"name\":\"\u00c7erez Politikas\u0131\"}]},{\"@type\":\"WebSite\",\"@id\":\"https:\/\/www.filizapart.com\/#website\",\"url\":\"https:\/\/www.filizapart.com\/\",\"name\":\"G\u00f6nen Filiz Apart Pansiyon\",\"description\":\"G\u00f6nen Pansiyon, G\u00f6nen Otel, G\u00f6nen Konaklama, Kapl\u0131ca Oteli G\u00f6nen\",\"publisher\":{\"@id\":\"https:\/\/www.filizapart.com\/#organization\"},\"potentialAction\":[{\"@type\":\"SearchAction\",\"target\":{\"@type\":\"EntryPoint\",\"urlTemplate\":\"https:\/\/www.filizapart.com\/?s={search_term_string}\"},\"query-input\":\"required name=search_term_string\"}],\"inLanguage\":\"en-US\"},{\"@type\":\"Organization\",\"@id\":\"https:\/\/www.filizapart.com\/#organization\",\"name\":\"G\u00f6nen Filiz Apart Pansiyon\",\"url\":\"https:\/\/www.filizapart.com\/\",\"logo\":{\"@type\":\"ImageObject\",\"inLanguage\":\"en-US\",\"@id\":\"https:\/\/www.filizapart.com\/#\/schema\/logo\/image\/\",\"url\":\"https:\/\/www.filizapart.com\/wp-content\/uploads\/2024\/03\/logo_m.webp\",\"contentUrl\":\"https:\/\/www.filizapart.com\/wp-content\/uploads\/2024\/03\/logo_m.webp\",\"width\":1194,\"height\":535,\"caption\":\"G\u00f6nen Filiz Apart Pansiyon\"},\"image\":{\"@id\":\"https:\/\/www.filizapart.com\/#\/schema\/logo\/image\/\"},\"sameAs\":[\"https:\/\/www.instagram.com\/filizpansiyon\"]}]}<\/script>\n<!-- \/ Yoast SEO plugin. -->","yoast_head_json":{"title":"\u00c7erez Politikas\u0131 - G\u00f6nen Filiz Apart Pansiyon","robots":{"index":"index","follow":"follow","max-snippet":"max-snippet:-1","max-image-preview":"max-image-preview:large","max-video-preview":"max-video-preview:-1"},"canonical":"https:\/\/www.filizapart.com\/en\/cerez-politikasi\/","og_locale":"en_US","og_type":"article","og_title":"\u00c7erez Politikas\u0131 - G\u00f6nen Filiz Apart Pansiyon","og_description":"Bu web sitesi, ki\u015fiselle\u015ftirilmi\u015f i\u00e7erik ve reklamlar sunabilmek, site trafi\u011fini analiz edebilmek, kullan\u0131c\u0131 deneyimini geli\u015ftirebilmek ve g\u00fcvenli bir \u015fekilde gezinme imkan\u0131 sa\u011flayabilmek amac\u0131yla \u00e7erezleri kullanmaktad\u0131r. \u00c7erezler, kullan\u0131c\u0131 cihazlar\u0131na k\u00fc\u00e7\u00fck metin dosyalar\u0131 olarak kaydedilir. \u00c7erez Nedir? \u00c7erezler, bir web sitesini ziyaret etti\u011finizde taray\u0131c\u0131n\u0131za yerle\u015ftirilen k\u00fc\u00e7\u00fck metin dosyalar\u0131d\u0131r. Bu dosyalar, web sitesinin sizin gibi ziyaret\u00e7ilerle etkile\u015fim kurmas\u0131na, [&hellip;]","og_url":"https:\/\/www.filizapart.com\/en\/cerez-politikasi\/","og_site_name":"G\u00f6nen Filiz Apart Pansiyon","article_modified_time":"2024-03-04T18:26:56+00:00","twitter_card":"summary_large_image","twitter_misc":{"Est. reading time":"2 minutes"},"schema":{"@context":"https:\/\/schema.org","@graph":[{"@type":"WebPage","@id":"https:\/\/www.filizapart.com\/cerez-politikasi\/","url":"https:\/\/www.filizapart.com\/cerez-politikasi\/","name":"\u00c7erez Politikas\u0131 - G\u00f6nen Filiz Apart Pansiyon","isPartOf":{"@id":"https:\/\/www.filizapart.com\/#website"},"datePublished":"2024-03-04T18:22:24+00:00","dateModified":"2024-03-04T18:26:56+00:00","breadcrumb":{"@id":"https:\/\/www.filizapart.com\/cerez-politikasi\/#breadcrumb"},"inLanguage":"en-US","potentialAction":[{"@type":"ReadAction","target":["https:\/\/www.filizapart.com\/cerez-politikasi\/"]}]},{"@type":"BreadcrumbList","@id":"https:\/\/www.filizapart.com\/cerez-politikasi\/#breadcrumb","itemListElement":[{"@type":"ListItem","position":1,"name":"Anasayfa","item":"https:\/\/www.filizapart.com\/"},{"@type":"ListItem","position":2,"name":"\u00c7erez Politikas\u0131"}]},{"@type":"WebSite","@id":"https:\/\/www.filizapart.com\/#website","url":"https:\/\/www.filizapart.com\/","name":"G\u00f6nen Filiz Apart Pansiyon","description":"G\u00f6nen Pansiyon, G\u00f6nen Otel, G\u00f6nen Konaklama, Kapl\u0131ca Oteli G\u00f6nen","publisher":{"@id":"https:\/\/www.filizapart.com\/#organization"},"potentialAction":[{"@type":"SearchAction","target":{"@type":"EntryPoint","urlTemplate":"https:\/\/www.filizapart.com\/?s={search_term_string}"},"query-input":"required name=search_term_string"}],"inLanguage":"en-US"},{"@type":"Organization","@id":"https:\/\/www.filizapart.com\/#organization","name":"G\u00f6nen Filiz Apart Pansiyon","url":"https:\/\/www.filizapart.com\/","logo":{"@type":"ImageObject","inLanguage":"en-US","@id":"https:\/\/www.filizapart.com\/#\/schema\/logo\/image\/","url":"https:\/\/www.filizapart.com\/wp-content\/uploads\/2024\/03\/logo_m.webp","contentUrl":"https:\/\/www.filizapart.com\/wp-content\/uploads\/2024\/03\/logo_m.webp","width":1194,"height":535,"caption":"G\u00f6nen Filiz Apart Pansiyon"},"image":{"@id":"https:\/\/www.filizapart.com\/#\/schema\/logo\/image\/"},"sameAs":["https:\/\/www.instagram.com\/filizpansiyon"]}]}},"_links":{"self":[{"href":"https:\/\/www.filizapart.com\/en\/wp-json\/wp\/v2\/pages\/368","targetHints":{"allow":["GET"]}}],"collection":[{"href":"https:\/\/www.filizapart.com\/en\/wp-json\/wp\/v2\/pages"}],"about":[{"href":"https:\/\/www.filizapart.com\/en\/wp-json\/wp\/v2\/types\/page"}],"author":[{"embeddable":true,"href":"https:\/\/www.filizapart.com\/en\/wp-json\/wp\/v2\/users\/1"}],"replies":[{"embeddable":true,"href":"https:\/\/www.filizapart.com\/en\/wp-json\/wp\/v2\/comments?post=368"}],"version-history":[{"count":0,"href":"https:\/\/www.filizapart.com\/en\/wp-json\/wp\/v2\/pages\/368\/revisions"}],"wp:attachment":[{"href":"https:\/\/www.filizapart.com\/en\/wp-json\/wp\/v2\/media?parent=368"}],"curies":[{"name":"wp","href":"https:\/\/api.w.org\/{rel}","templated":true}]}}