{"id":379,"date":"2024-03-04T18:28:07","date_gmt":"2024-03-04T18:28:07","guid":{"rendered":"https:\/\/www.filizapart.com\/?page_id=379"},"modified":"2024-03-04T18:28:50","modified_gmt":"2024-03-04T18:28:50","slug":"gizlilik-politikasi","status":"publish","type":"page","link":"https:\/\/www.filizapart.com\/en\/gizlilik-politikasi\/","title":{"rendered":"Privacy Policy"},"content":{"rendered":"<div data-elementor-type=\"wp-page\" data-elementor-id=\"379\" class=\"elementor elementor-379\" data-elementor-post-type=\"page\">\n\t\t\t\t\t\t<section class=\"elementor-section elementor-top-section elementor-element elementor-element-ff628a9 elementor-section-boxed elementor-section-height-default elementor-section-height-default\" data-id=\"ff628a9\" data-element_type=\"section\">\n\t\t\t\t\t\t<div class=\"elementor-container elementor-column-gap-default\">\n\t\t\t\t\t<div class=\"elementor-column elementor-col-100 elementor-top-column elementor-element elementor-element-396ddbc\" data-id=\"396ddbc\" data-element_type=\"column\">\n\t\t\t<div class=\"elementor-widget-wrap elementor-element-populated\">\n\t\t\t\t\t\t<div class=\"elementor-element elementor-element-8663024 elementor-widget elementor-widget-text-editor\" data-id=\"8663024\" data-element_type=\"widget\" data-widget_type=\"text-editor.default\">\n\t\t\t\t<div class=\"elementor-widget-container\">\n\t\t\t<style>\/*! elementor - v3.21.0 - 30-04-2024 *\/\n.elementor-widget-text-editor.elementor-drop-cap-view-stacked .elementor-drop-cap{background-color:#69727d;color:#fff}.elementor-widget-text-editor.elementor-drop-cap-view-framed .elementor-drop-cap{color:#69727d;border:3px solid;background-color:transparent}.elementor-widget-text-editor:not(.elementor-drop-cap-view-default) .elementor-drop-cap{margin-top:8px}.elementor-widget-text-editor:not(.elementor-drop-cap-view-default) .elementor-drop-cap-letter{width:1em;height:1em}.elementor-widget-text-editor .elementor-drop-cap{float:left;text-align:center;line-height:1;font-size:50px}.elementor-widget-text-editor .elementor-drop-cap-letter{display:inline-block}<\/style>\t\t\t\t<p>This Privacy Policy contains information regarding the processing and protection of personal data collected by G\u00f6nen Filiz Apart Pansiyon (\"Company\") through its website.<\/p><p><strong>Personal Data Collected:<\/strong><\/p><p>The company processes the personal data it collects through its website limited to reservation requests, contact form filling, and similar situations. This data may include your name, surname, contact information and accommodation preferences.<\/p><p><strong>Purposes of Processing Personal Data:<\/strong><\/p><p>Your personal data is processed for purposes such as reservation transactions, communication, customer services, fulfillment of legal obligations, marketing and promotional activities.<\/p><p><strong>Transfer to Third Parties:<\/strong><\/p><p>Your personal data may be transferred to our business partners, service providers and authorized public institutions, in accordance with legal regulations and limited to the purposes specified in this Privacy Policy.<\/p><p><strong>Security:<\/strong><\/p><p>Your personal data is processed and stored securely by taking the necessary technical and organizational measures.<\/p><p><strong>Rights of Personal Data Owner:<\/strong><\/p><p>Within the scope of KVKK, you can contact the data controller to exercise the rights granted to you as personal data owners. These rights include access to data, correction, deletion, objection to processing and transferability of personal data.<\/p><p>This Privacy Policy has been prepared to provide information regarding the processing and protection of personal data in the services provided by the Company. To get more information or to exercise your rights, you can contact us using the contact information provided above.<\/p>\t\t\t\t\t\t<\/div>\n\t\t\t\t<\/div>\n\t\t\t\t\t<\/div>\n\t\t<\/div>\n\t\t\t\t\t<\/div>\n\t\t<\/section>\n\t\t\t\t<\/div>","protected":false},"excerpt":{"rendered":"<p>Bu Gizlilik Politikas\u0131, G\u00f6nen Filiz Apart Pansiyon&#8217;un (&#8220;Firma&#8221;) internet sitesi \u00fczerinden toplad\u0131\u011f\u0131 ki\u015fisel verilerin i\u015flenmesi ve korunmas\u0131 ile ilgili bilgileri i\u00e7ermektedir. Toplanan Ki\u015fisel Veriler: Firma, web sitesi arac\u0131l\u0131\u011f\u0131yla toplad\u0131\u011f\u0131 ki\u015fisel verileri rezervasyon talepleri, ileti\u015fim formu doldurulmas\u0131, ve benzeri durumlarla s\u0131n\u0131rl\u0131 olarak i\u015flemektedir. Bu veriler aras\u0131nda ad\u0131n\u0131z, soyad\u0131n\u0131z, ileti\u015fim bilgileriniz ve konaklama tercihleriniz bulunabilir. Ki\u015fisel Verilerin [&hellip;]<\/p>","protected":false},"author":1,"featured_media":0,"parent":0,"menu_order":0,"comment_status":"closed","ping_status":"closed","template":"elementor_header_footer","meta":{"footnotes":""},"class_list":["post-379","page","type-page","status-publish","hentry"],"acf":[],"yoast_head":"<!-- This site is optimized with the Yoast SEO plugin v22.6 - https:\/\/yoast.com\/wordpress\/plugins\/seo\/ -->\n<title>Gizlilik Politikas\u0131 - G\u00f6nen Filiz Apart Pansiyon<\/title>\n<meta name=\"robots\" content=\"index, follow, max-snippet:-1, max-image-preview:large, max-video-preview:-1\" \/>\n<link rel=\"canonical\" href=\"https:\/\/www.filizapart.com\/en\/gizlilik-politikasi\/\" \/>\n<meta property=\"og:locale\" content=\"en_US\" \/>\n<meta property=\"og:type\" content=\"article\" \/>\n<meta property=\"og:title\" content=\"Gizlilik Politikas\u0131 - G\u00f6nen Filiz Apart Pansiyon\" \/>\n<meta property=\"og:description\" content=\"Bu Gizlilik Politikas\u0131, G\u00f6nen Filiz Apart Pansiyon&#8217;un (&#8220;Firma&#8221;) internet sitesi \u00fczerinden toplad\u0131\u011f\u0131 ki\u015fisel verilerin i\u015flenmesi ve korunmas\u0131 ile ilgili bilgileri i\u00e7ermektedir. Toplanan Ki\u015fisel Veriler: Firma, web sitesi arac\u0131l\u0131\u011f\u0131yla toplad\u0131\u011f\u0131 ki\u015fisel verileri rezervasyon talepleri, ileti\u015fim formu doldurulmas\u0131, ve benzeri durumlarla s\u0131n\u0131rl\u0131 olarak i\u015flemektedir. Bu veriler aras\u0131nda ad\u0131n\u0131z, soyad\u0131n\u0131z, ileti\u015fim bilgileriniz ve konaklama tercihleriniz bulunabilir. Ki\u015fisel Verilerin [&hellip;]\" \/>\n<meta property=\"og:url\" content=\"https:\/\/www.filizapart.com\/en\/gizlilik-politikasi\/\" \/>\n<meta property=\"og:site_name\" content=\"G\u00f6nen Filiz Apart Pansiyon\" \/>\n<meta property=\"article:modified_time\" content=\"2024-03-04T18:28:50+00:00\" \/>\n<meta name=\"twitter:card\" content=\"summary_large_image\" \/>\n<meta name=\"twitter:label1\" content=\"Est. reading time\" \/>\n\t<meta name=\"twitter:data1\" content=\"2 minutes\" \/>\n<script type=\"application\/ld+json\" class=\"yoast-schema-graph\">{\"@context\":\"https:\/\/schema.org\",\"@graph\":[{\"@type\":\"WebPage\",\"@id\":\"https:\/\/www.filizapart.com\/gizlilik-politikasi\/\",\"url\":\"https:\/\/www.filizapart.com\/gizlilik-politikasi\/\",\"name\":\"Gizlilik Politikas\u0131 - G\u00f6nen Filiz Apart Pansiyon\",\"isPartOf\":{\"@id\":\"https:\/\/www.filizapart.com\/#website\"},\"datePublished\":\"2024-03-04T18:28:07+00:00\",\"dateModified\":\"2024-03-04T18:28:50+00:00\",\"breadcrumb\":{\"@id\":\"https:\/\/www.filizapart.com\/gizlilik-politikasi\/#breadcrumb\"},\"inLanguage\":\"en-US\",\"potentialAction\":[{\"@type\":\"ReadAction\",\"target\":[\"https:\/\/www.filizapart.com\/gizlilik-politikasi\/\"]}]},{\"@type\":\"BreadcrumbList\",\"@id\":\"https:\/\/www.filizapart.com\/gizlilik-politikasi\/#breadcrumb\",\"itemListElement\":[{\"@type\":\"ListItem\",\"position\":1,\"name\":\"Anasayfa\",\"item\":\"https:\/\/www.filizapart.com\/\"},{\"@type\":\"ListItem\",\"position\":2,\"name\":\"Gizlilik Politikas\u0131\"}]},{\"@type\":\"WebSite\",\"@id\":\"https:\/\/www.filizapart.com\/#website\",\"url\":\"https:\/\/www.filizapart.com\/\",\"name\":\"G\u00f6nen Filiz Apart Pansiyon\",\"description\":\"G\u00f6nen Pansiyon, G\u00f6nen Otel, G\u00f6nen Konaklama, Kapl\u0131ca Oteli G\u00f6nen\",\"publisher\":{\"@id\":\"https:\/\/www.filizapart.com\/#organization\"},\"potentialAction\":[{\"@type\":\"SearchAction\",\"target\":{\"@type\":\"EntryPoint\",\"urlTemplate\":\"https:\/\/www.filizapart.com\/?s={search_term_string}\"},\"query-input\":\"required name=search_term_string\"}],\"inLanguage\":\"en-US\"},{\"@type\":\"Organization\",\"@id\":\"https:\/\/www.filizapart.com\/#organization\",\"name\":\"G\u00f6nen Filiz Apart Pansiyon\",\"url\":\"https:\/\/www.filizapart.com\/\",\"logo\":{\"@type\":\"ImageObject\",\"inLanguage\":\"en-US\",\"@id\":\"https:\/\/www.filizapart.com\/#\/schema\/logo\/image\/\",\"url\":\"https:\/\/www.filizapart.com\/wp-content\/uploads\/2024\/03\/logo_m.webp\",\"contentUrl\":\"https:\/\/www.filizapart.com\/wp-content\/uploads\/2024\/03\/logo_m.webp\",\"width\":1194,\"height\":535,\"caption\":\"G\u00f6nen Filiz Apart Pansiyon\"},\"image\":{\"@id\":\"https:\/\/www.filizapart.com\/#\/schema\/logo\/image\/\"},\"sameAs\":[\"https:\/\/www.instagram.com\/filizpansiyon\"]}]}<\/script>\n<!-- \/ Yoast SEO plugin. -->","yoast_head_json":{"title":"Gizlilik Politikas\u0131 - G\u00f6nen Filiz Apart Pansiyon","robots":{"index":"index","follow":"follow","max-snippet":"max-snippet:-1","max-image-preview":"max-image-preview:large","max-video-preview":"max-video-preview:-1"},"canonical":"https:\/\/www.filizapart.com\/en\/gizlilik-politikasi\/","og_locale":"en_US","og_type":"article","og_title":"Gizlilik Politikas\u0131 - G\u00f6nen Filiz Apart Pansiyon","og_description":"Bu Gizlilik Politikas\u0131, G\u00f6nen Filiz Apart Pansiyon&#8217;un (&#8220;Firma&#8221;) internet sitesi \u00fczerinden toplad\u0131\u011f\u0131 ki\u015fisel verilerin i\u015flenmesi ve korunmas\u0131 ile ilgili bilgileri i\u00e7ermektedir. Toplanan Ki\u015fisel Veriler: Firma, web sitesi arac\u0131l\u0131\u011f\u0131yla toplad\u0131\u011f\u0131 ki\u015fisel verileri rezervasyon talepleri, ileti\u015fim formu doldurulmas\u0131, ve benzeri durumlarla s\u0131n\u0131rl\u0131 olarak i\u015flemektedir. Bu veriler aras\u0131nda ad\u0131n\u0131z, soyad\u0131n\u0131z, ileti\u015fim bilgileriniz ve konaklama tercihleriniz bulunabilir. Ki\u015fisel Verilerin [&hellip;]","og_url":"https:\/\/www.filizapart.com\/en\/gizlilik-politikasi\/","og_site_name":"G\u00f6nen Filiz Apart Pansiyon","article_modified_time":"2024-03-04T18:28:50+00:00","twitter_card":"summary_large_image","twitter_misc":{"Est. reading time":"2 minutes"},"schema":{"@context":"https:\/\/schema.org","@graph":[{"@type":"WebPage","@id":"https:\/\/www.filizapart.com\/gizlilik-politikasi\/","url":"https:\/\/www.filizapart.com\/gizlilik-politikasi\/","name":"Gizlilik Politikas\u0131 - G\u00f6nen Filiz Apart Pansiyon","isPartOf":{"@id":"https:\/\/www.filizapart.com\/#website"},"datePublished":"2024-03-04T18:28:07+00:00","dateModified":"2024-03-04T18:28:50+00:00","breadcrumb":{"@id":"https:\/\/www.filizapart.com\/gizlilik-politikasi\/#breadcrumb"},"inLanguage":"en-US","potentialAction":[{"@type":"ReadAction","target":["https:\/\/www.filizapart.com\/gizlilik-politikasi\/"]}]},{"@type":"BreadcrumbList","@id":"https:\/\/www.filizapart.com\/gizlilik-politikasi\/#breadcrumb","itemListElement":[{"@type":"ListItem","position":1,"name":"Anasayfa","item":"https:\/\/www.filizapart.com\/"},{"@type":"ListItem","position":2,"name":"Gizlilik Politikas\u0131"}]},{"@type":"WebSite","@id":"https:\/\/www.filizapart.com\/#website","url":"https:\/\/www.filizapart.com\/","name":"G\u00f6nen Filiz Apart Pansiyon","description":"G\u00f6nen Pansiyon, G\u00f6nen Otel, G\u00f6nen Konaklama, Kapl\u0131ca Oteli G\u00f6nen","publisher":{"@id":"https:\/\/www.filizapart.com\/#organization"},"potentialAction":[{"@type":"SearchAction","target":{"@type":"EntryPoint","urlTemplate":"https:\/\/www.filizapart.com\/?s={search_term_string}"},"query-input":"required name=search_term_string"}],"inLanguage":"en-US"},{"@type":"Organization","@id":"https:\/\/www.filizapart.com\/#organization","name":"G\u00f6nen Filiz Apart Pansiyon","url":"https:\/\/www.filizapart.com\/","logo":{"@type":"ImageObject","inLanguage":"en-US","@id":"https:\/\/www.filizapart.com\/#\/schema\/logo\/image\/","url":"https:\/\/www.filizapart.com\/wp-content\/uploads\/2024\/03\/logo_m.webp","contentUrl":"https:\/\/www.filizapart.com\/wp-content\/uploads\/2024\/03\/logo_m.webp","width":1194,"height":535,"caption":"G\u00f6nen Filiz Apart Pansiyon"},"image":{"@id":"https:\/\/www.filizapart.com\/#\/schema\/logo\/image\/"},"sameAs":["https:\/\/www.instagram.com\/filizpansiyon"]}]}},"_links":{"self":[{"href":"https:\/\/www.filizapart.com\/en\/wp-json\/wp\/v2\/pages\/379","targetHints":{"allow":["GET"]}}],"collection":[{"href":"https:\/\/www.filizapart.com\/en\/wp-json\/wp\/v2\/pages"}],"about":[{"href":"https:\/\/www.filizapart.com\/en\/wp-json\/wp\/v2\/types\/page"}],"author":[{"embeddable":true,"href":"https:\/\/www.filizapart.com\/en\/wp-json\/wp\/v2\/users\/1"}],"replies":[{"embeddable":true,"href":"https:\/\/www.filizapart.com\/en\/wp-json\/wp\/v2\/comments?post=379"}],"version-history":[{"count":0,"href":"https:\/\/www.filizapart.com\/en\/wp-json\/wp\/v2\/pages\/379\/revisions"}],"wp:attachment":[{"href":"https:\/\/www.filizapart.com\/en\/wp-json\/wp\/v2\/media?parent=379"}],"curies":[{"name":"wp","href":"https:\/\/api.w.org\/{rel}","templated":true}]}}