{"id":645,"date":"2024-03-05T01:44:06","date_gmt":"2024-03-05T01:44:06","guid":{"rendered":"https:\/\/www.filizapart.com\/?page_id=645"},"modified":"2024-03-05T02:14:41","modified_gmt":"2024-03-05T02:14:41","slug":"galeri","status":"publish","type":"page","link":"https:\/\/www.filizapart.com\/en\/galeri\/","title":{"rendered":"Gallery"},"content":{"rendered":"<div data-elementor-type=\"wp-page\" data-elementor-id=\"645\" class=\"elementor elementor-645\" data-elementor-post-type=\"page\">\n\t\t\t\t\t\t<section class=\"elementor-section elementor-top-section elementor-element elementor-element-0e82161 elementor-section-boxed elementor-section-height-default elementor-section-height-default\" data-id=\"0e82161\" data-element_type=\"section\">\n\t\t\t\t\t\t<div class=\"elementor-container elementor-column-gap-default\">\n\t\t\t\t\t<div class=\"elementor-column elementor-col-100 elementor-top-column elementor-element elementor-element-bfd8e95\" data-id=\"bfd8e95\" data-element_type=\"column\">\n\t\t\t<div class=\"elementor-widget-wrap elementor-element-populated\">\n\t\t\t\t\t\t<div class=\"elementor-element elementor-element-abb4d3f elementor-widget elementor-widget-gallery\" data-id=\"abb4d3f\" data-element_type=\"widget\" data-settings=\"{&quot;gallery_layout&quot;:&quot;masonry&quot;,&quot;lazyload&quot;:&quot;yes&quot;,&quot;columns&quot;:4,&quot;columns_tablet&quot;:2,&quot;columns_mobile&quot;:1,&quot;gap&quot;:{&quot;unit&quot;:&quot;px&quot;,&quot;size&quot;:10,&quot;sizes&quot;:[]},&quot;gap_tablet&quot;:{&quot;unit&quot;:&quot;px&quot;,&quot;size&quot;:10,&quot;sizes&quot;:[]},&quot;gap_mobile&quot;:{&quot;unit&quot;:&quot;px&quot;,&quot;size&quot;:10,&quot;sizes&quot;:[]},&quot;link_to&quot;:&quot;file&quot;,&quot;show_all_galleries&quot;:&quot;yes&quot;,&quot;content_hover_animation&quot;:&quot;fade-in&quot;}\" data-widget_type=\"gallery.default\">\n\t\t\t\t<div class=\"elementor-widget-container\">\n\t\t\t<link rel=\"stylesheet\" href=\"https:\/\/www.filizapart.com\/wp-content\/plugins\/elementor-pro\/assets\/css\/widget-nav-menu.min.css\"><style>\/*! elementor-pro - v3.21.0 - 30-04-2024 *\/\n.elementor-gallery__container{min-height:1px}.elementor-gallery-item{position:relative;overflow:hidden;display:block;text-decoration:none;border:solid var(--image-border-width) var(--image-border-color);border-radius:var(--image-border-radius)}.elementor-gallery-item__content,.elementor-gallery-item__overlay{height:100%;width:100%;position:absolute;top:0;left:0}.elementor-gallery-item__overlay{mix-blend-mode:var(--overlay-mix-blend-mode);transition-duration:var(--overlay-transition-duration);transition-property:mix-blend-mode,transform,opacity,background-color}.elementor-gallery-item__image.e-gallery-image{transition-duration:var(--image-transition-duration);transition-property:filter,transform}.elementor-gallery-item__content{display:flex;flex-direction:column;justify-content:var(--content-justify-content,center);align-items:center;text-align:var(--content-text-align);padding:var(--content-padding)}.elementor-gallery-item__content>div{transition-duration:var(--content-transition-duration)}.elementor-gallery-item__content.elementor-gallery--sequenced-animation>div:nth-child(2){transition-delay:calc(var(--content-transition-delay) \/ 3)}.elementor-gallery-item__content.elementor-gallery--sequenced-animation>div:nth-child(3){transition-delay:calc(var(--content-transition-delay) \/ 3 * 2)}.elementor-gallery-item__content.elementor-gallery--sequenced-animation>div:nth-child(4){transition-delay:calc(var(--content-transition-delay) \/ 3 * 3)}.elementor-gallery-item__description{color:var(--description-text-color,#fff);width:100%}.elementor-gallery-item__title{color:var(--title-text-color,#fff);font-weight:700;width:100%}.elementor-gallery__titles-container{display:flex;flex-wrap:wrap;justify-content:var(--titles-container-justify-content,center);margin-bottom:20px}.elementor-gallery__titles-container:not(.e--pointer-framed) .elementor-item:after,.elementor-gallery__titles-container:not(.e--pointer-framed) .elementor-item:before{background-color:var(--galleries-pointer-bg-color-hover)}.elementor-gallery__titles-container:not(.e--pointer-framed) .elementor-item.elementor-item-active:after,.elementor-gallery__titles-container:not(.e--pointer-framed) .elementor-item.elementor-item-active:before{background-color:var(--galleries-pointer-bg-color-active)}.elementor-gallery__titles-container.e--pointer-framed .elementor-item:before{border-color:var(--galleries-pointer-bg-color-hover);border-width:var(--galleries-pointer-border-width)}.elementor-gallery__titles-container.e--pointer-framed .elementor-item:after{border-color:var(--galleries-pointer-bg-color-hover)}.elementor-gallery__titles-container.e--pointer-framed .elementor-item.elementor-item-active:after,.elementor-gallery__titles-container.e--pointer-framed .elementor-item.elementor-item-active:before{border-color:var(--galleries-pointer-bg-color-active)}.elementor-gallery__titles-container.e--pointer-framed.e--animation-draw .elementor-item:before{border-left-width:var(--galleries-pointer-border-width);border-bottom-width:var(--galleries-pointer-border-width);border-right-width:0;border-top-width:0}.elementor-gallery__titles-container.e--pointer-framed.e--animation-draw .elementor-item:after{border-left-width:0;border-bottom-width:0;border-right-width:var(--galleries-pointer-border-width);border-top-width:var(--galleries-pointer-border-width)}.elementor-gallery__titles-container.e--pointer-framed.e--animation-corners .elementor-item:before{border-left-width:var(--galleries-pointer-border-width);border-bottom-width:0;border-right-width:0;border-top-width:var(--galleries-pointer-border-width)}.elementor-gallery__titles-container.e--pointer-framed.e--animation-corners .elementor-item:after{border-left-width:0;border-bottom-width:var(--galleries-pointer-border-width);border-right-width:var(--galleries-pointer-border-width);border-top-width:0}.elementor-gallery__titles-container .e--pointer-double-line .elementor-item:after,.elementor-gallery__titles-container .e--pointer-double-line .elementor-item:before,.elementor-gallery__titles-container .e--pointer-overline .elementor-item:before,.elementor-gallery__titles-container .e--pointer-underline .elementor-item:after{height:var(--galleries-pointer-border-width)}.elementor-gallery-title{--space-between:10px;cursor:pointer;color:#6d7882;font-weight:500;position:relative;padding:7px 14px;transition:all .3s}.elementor-gallery-title--active{color:#495157}.elementor-gallery-title:not(:last-child){margin-inline-end:var(--space-between)}.elementor-gallery-item__title+.elementor-gallery-item__description{margin-top:var(--description-margin-top)}.e-gallery-item.elementor-gallery-item{transition-property:all}.e-gallery-item.elementor-animated-content .elementor-animated-item--enter-from-bottom,.e-gallery-item.elementor-animated-content .elementor-animated-item--enter-from-left,.e-gallery-item.elementor-animated-content .elementor-animated-item--enter-from-right,.e-gallery-item.elementor-animated-content .elementor-animated-item--enter-from-top,.e-gallery-item:focus .elementor-gallery__item-overlay-bg,.e-gallery-item:focus .elementor-gallery__item-overlay-content,.e-gallery-item:focus .elementor-gallery__item-overlay-content__description,.e-gallery-item:focus .elementor-gallery__item-overlay-content__title,.e-gallery-item:hover .elementor-gallery__item-overlay-bg,.e-gallery-item:hover .elementor-gallery__item-overlay-content,.e-gallery-item:hover .elementor-gallery__item-overlay-content__description,.e-gallery-item:hover .elementor-gallery__item-overlay-content__title{opacity:1}a.elementor-item.elementor-gallery-title{color:var(--galleries-title-color-normal)}a.elementor-item.elementor-gallery-title.elementor-item-active,a.elementor-item.elementor-gallery-title.highlighted,a.elementor-item.elementor-gallery-title:focus,a.elementor-item.elementor-gallery-title:hover{color:var(--galleries-title-color-hover)}a.elementor-item.elementor-gallery-title.elementor-item-active{color:var(--gallery-title-color-active)}.e-con-inner>.elementor-widget-gallery,.e-con>.elementor-widget-gallery{width:var(--container-widget-width);--flex-grow:var(--container-widget-flex-grow)}<\/style>\t\t\t<div class=\"elementor-gallery__titles-container e--pointer-none\" aria-label=\"Gallery filter\">\n\t\t\t\t\t\t\t\t\t<a class=\"elementor-item elementor-gallery-title\" role=\"button\" tabindex=\"0\" data-gallery-index=\"all\">\n\t\t\t\t\t\tAll\t\t\t\t\t<\/a>\n\t\t\t\t\n\t\t\t\t\t\t\t\t\t<a class=\"elementor-item elementor-gallery-title\" role=\"button\" tabindex=\"0\" data-gallery-index=\"0\">\n\t\t\t\t\t\tGarden\t\t\t\t\t<\/a>\n\t\t\t\t\t\t\t\t\t\t<a class=\"elementor-item elementor-gallery-title\" role=\"button\" tabindex=\"0\" data-gallery-index=\"1\">\n\t\t\t\t\t\tLobby\t\t\t\t\t<\/a>\n\t\t\t\t\t\t\t\t\t\t<a class=\"elementor-item elementor-gallery-title\" role=\"button\" tabindex=\"0\" data-gallery-index=\"2\">\n\t\t\t\t\t\tOutside\t\t\t\t\t<\/a>\n\t\t\t\t\t\t\t\t<\/div>\n\t\t\t\t\t<div class=\"elementor-gallery__container\">\n\t\t\t\t\t\t\t<a class=\"e-gallery-item elementor-gallery-item elementor-animated-content\" data-e-gallery-tags=\"0\" href=\"https:\/\/www.filizapart.com\/wp-content\/uploads\/2024\/03\/FNR_9731-scaled.jpg\" data-elementor-open-lightbox=\"yes\" data-elementor-lightbox-slideshow=\"abb4d3f\" data-e-action-hash=\"#elementor-action%3Aaction%3Dlightbox%26settings%3DeyJpZCI6NjY4LCJ1cmwiOiJodHRwczpcL1wvd3d3LmZpbGl6YXBhcnQuY29tXC93cC1jb250ZW50XC91cGxvYWRzXC8yMDI0XC8wM1wvRk5SXzk3MzEtc2NhbGVkLmpwZyIsInNsaWRlc2hvdyI6ImFiYjRkM2YifQ%3D%3D\">\n\t\t\t\t\t<div class=\"e-gallery-image elementor-gallery-item__image\" data-thumbnail=\"https:\/\/www.filizapart.com\/wp-content\/uploads\/2024\/03\/FNR_9731-scaled.jpg\" data-width=\"2560\" data-height=\"1708\" aria-label=\"\" role=\"img\" ><\/div>\n\t\t\t\t\t\t\t\t\t\t\t\t\t\t<\/a>\n\t\t\t\t\t\t\t<a class=\"e-gallery-item elementor-gallery-item elementor-animated-content\" data-e-gallery-tags=\"0\" href=\"https:\/\/www.filizapart.com\/wp-content\/uploads\/2024\/03\/FNR_9733-scaled.jpg\" data-elementor-open-lightbox=\"yes\" data-elementor-lightbox-slideshow=\"abb4d3f\" data-e-action-hash=\"#elementor-action%3Aaction%3Dlightbox%26settings%3DeyJpZCI6NjY5LCJ1cmwiOiJodHRwczpcL1wvd3d3LmZpbGl6YXBhcnQuY29tXC93cC1jb250ZW50XC91cGxvYWRzXC8yMDI0XC8wM1wvRk5SXzk3MzMtc2NhbGVkLmpwZyIsInNsaWRlc2hvdyI6ImFiYjRkM2YifQ%3D%3D\">\n\t\t\t\t\t<div class=\"e-gallery-image elementor-gallery-item__image\" data-thumbnail=\"https:\/\/www.filizapart.com\/wp-content\/uploads\/2024\/03\/FNR_9733-scaled.jpg\" data-width=\"2560\" data-height=\"1708\" aria-label=\"\" role=\"img\" ><\/div>\n\t\t\t\t\t\t\t\t\t\t\t\t\t\t<\/a>\n\t\t\t\t\t\t\t<a class=\"e-gallery-item elementor-gallery-item elementor-animated-content\" data-e-gallery-tags=\"0\" href=\"https:\/\/www.filizapart.com\/wp-content\/uploads\/2024\/03\/FNR_9737-scaled.jpg\" data-elementor-open-lightbox=\"yes\" data-elementor-lightbox-slideshow=\"abb4d3f\" data-e-action-hash=\"#elementor-action%3Aaction%3Dlightbox%26settings%3DeyJpZCI6NjcwLCJ1cmwiOiJodHRwczpcL1wvd3d3LmZpbGl6YXBhcnQuY29tXC93cC1jb250ZW50XC91cGxvYWRzXC8yMDI0XC8wM1wvRk5SXzk3Mzctc2NhbGVkLmpwZyIsInNsaWRlc2hvdyI6ImFiYjRkM2YifQ%3D%3D\">\n\t\t\t\t\t<div class=\"e-gallery-image elementor-gallery-item__image\" data-thumbnail=\"https:\/\/www.filizapart.com\/wp-content\/uploads\/2024\/03\/FNR_9737-scaled.jpg\" data-width=\"2560\" data-height=\"1708\" aria-label=\"\" role=\"img\" ><\/div>\n\t\t\t\t\t\t\t\t\t\t\t\t\t\t<\/a>\n\t\t\t\t\t\t\t<a class=\"e-gallery-item elementor-gallery-item elementor-animated-content\" data-e-gallery-tags=\"0\" href=\"https:\/\/www.filizapart.com\/wp-content\/uploads\/2024\/03\/FNR_9739-scaled.jpg\" data-elementor-open-lightbox=\"yes\" data-elementor-lightbox-slideshow=\"abb4d3f\" data-e-action-hash=\"#elementor-action%3Aaction%3Dlightbox%26settings%3DeyJpZCI6NjcxLCJ1cmwiOiJodHRwczpcL1wvd3d3LmZpbGl6YXBhcnQuY29tXC93cC1jb250ZW50XC91cGxvYWRzXC8yMDI0XC8wM1wvRk5SXzk3Mzktc2NhbGVkLmpwZyIsInNsaWRlc2hvdyI6ImFiYjRkM2YifQ%3D%3D\">\n\t\t\t\t\t<div class=\"e-gallery-image elementor-gallery-item__image\" data-thumbnail=\"https:\/\/www.filizapart.com\/wp-content\/uploads\/2024\/03\/FNR_9739-scaled.jpg\" data-width=\"2560\" data-height=\"1708\" aria-label=\"\" role=\"img\" ><\/div>\n\t\t\t\t\t\t\t\t\t\t\t\t\t\t<\/a>\n\t\t\t\t\t\t\t<a class=\"e-gallery-item elementor-gallery-item elementor-animated-content\" data-e-gallery-tags=\"1\" href=\"https:\/\/www.filizapart.com\/wp-content\/uploads\/2024\/03\/FNR_9699-scaled.jpg\" data-elementor-open-lightbox=\"yes\" data-elementor-lightbox-slideshow=\"abb4d3f\" data-e-action-hash=\"#elementor-action%3Aaction%3Dlightbox%26settings%3DeyJpZCI6NjcyLCJ1cmwiOiJodHRwczpcL1wvd3d3LmZpbGl6YXBhcnQuY29tXC93cC1jb250ZW50XC91cGxvYWRzXC8yMDI0XC8wM1wvRk5SXzk2OTktc2NhbGVkLmpwZyIsInNsaWRlc2hvdyI6ImFiYjRkM2YifQ%3D%3D\">\n\t\t\t\t\t<div class=\"e-gallery-image elementor-gallery-item__image\" data-thumbnail=\"https:\/\/www.filizapart.com\/wp-content\/uploads\/2024\/03\/FNR_9699-scaled.jpg\" data-width=\"2560\" data-height=\"1708\" aria-label=\"\" role=\"img\" ><\/div>\n\t\t\t\t\t\t\t\t\t\t\t\t\t\t<\/a>\n\t\t\t\t\t\t\t<a class=\"e-gallery-item elementor-gallery-item elementor-animated-content\" data-e-gallery-tags=\"1\" href=\"https:\/\/www.filizapart.com\/wp-content\/uploads\/2024\/03\/FNR_9700-scaled.jpg\" data-elementor-open-lightbox=\"yes\" data-elementor-lightbox-slideshow=\"abb4d3f\" data-e-action-hash=\"#elementor-action%3Aaction%3Dlightbox%26settings%3DeyJpZCI6Njc0LCJ1cmwiOiJodHRwczpcL1wvd3d3LmZpbGl6YXBhcnQuY29tXC93cC1jb250ZW50XC91cGxvYWRzXC8yMDI0XC8wM1wvRk5SXzk3MDAtc2NhbGVkLmpwZyIsInNsaWRlc2hvdyI6ImFiYjRkM2YifQ%3D%3D\">\n\t\t\t\t\t<div class=\"e-gallery-image elementor-gallery-item__image\" data-thumbnail=\"https:\/\/www.filizapart.com\/wp-content\/uploads\/2024\/03\/FNR_9700-scaled.jpg\" data-width=\"2560\" data-height=\"1708\" aria-label=\"\" role=\"img\" ><\/div>\n\t\t\t\t\t\t\t\t\t\t\t\t\t\t<\/a>\n\t\t\t\t\t\t\t<a class=\"e-gallery-item elementor-gallery-item elementor-animated-content\" data-e-gallery-tags=\"1\" href=\"https:\/\/www.filizapart.com\/wp-content\/uploads\/2024\/03\/FNR_9702-scaled.jpg\" data-elementor-open-lightbox=\"yes\" data-elementor-lightbox-slideshow=\"abb4d3f\" data-e-action-hash=\"#elementor-action%3Aaction%3Dlightbox%26settings%3DeyJpZCI6Njc1LCJ1cmwiOiJodHRwczpcL1wvd3d3LmZpbGl6YXBhcnQuY29tXC93cC1jb250ZW50XC91cGxvYWRzXC8yMDI0XC8wM1wvRk5SXzk3MDItc2NhbGVkLmpwZyIsInNsaWRlc2hvdyI6ImFiYjRkM2YifQ%3D%3D\">\n\t\t\t\t\t<div class=\"e-gallery-image elementor-gallery-item__image\" data-thumbnail=\"https:\/\/www.filizapart.com\/wp-content\/uploads\/2024\/03\/FNR_9702-scaled.jpg\" data-width=\"2560\" data-height=\"1708\" aria-label=\"\" role=\"img\" ><\/div>\n\t\t\t\t\t\t\t\t\t\t\t\t\t\t<\/a>\n\t\t\t\t\t\t\t<a class=\"e-gallery-item elementor-gallery-item elementor-animated-content\" data-e-gallery-tags=\"1\" href=\"https:\/\/www.filizapart.com\/wp-content\/uploads\/2024\/03\/FNR_9704-scaled.jpg\" data-elementor-open-lightbox=\"yes\" data-elementor-lightbox-slideshow=\"abb4d3f\" data-e-action-hash=\"#elementor-action%3Aaction%3Dlightbox%26settings%3DeyJpZCI6Njc2LCJ1cmwiOiJodHRwczpcL1wvd3d3LmZpbGl6YXBhcnQuY29tXC93cC1jb250ZW50XC91cGxvYWRzXC8yMDI0XC8wM1wvRk5SXzk3MDQtc2NhbGVkLmpwZyIsInNsaWRlc2hvdyI6ImFiYjRkM2YifQ%3D%3D\">\n\t\t\t\t\t<div class=\"e-gallery-image elementor-gallery-item__image\" data-thumbnail=\"https:\/\/www.filizapart.com\/wp-content\/uploads\/2024\/03\/FNR_9704-scaled.jpg\" data-width=\"2560\" data-height=\"1708\" aria-label=\"\" role=\"img\" ><\/div>\n\t\t\t\t\t\t\t\t\t\t\t\t\t\t<\/a>\n\t\t\t\t\t\t\t<a class=\"e-gallery-item elementor-gallery-item elementor-animated-content\" data-e-gallery-tags=\"1\" href=\"https:\/\/www.filizapart.com\/wp-content\/uploads\/2024\/03\/FNR_9706-scaled.jpg\" data-elementor-open-lightbox=\"yes\" data-elementor-lightbox-slideshow=\"abb4d3f\" data-e-action-hash=\"#elementor-action%3Aaction%3Dlightbox%26settings%3DeyJpZCI6Njc3LCJ1cmwiOiJodHRwczpcL1wvd3d3LmZpbGl6YXBhcnQuY29tXC93cC1jb250ZW50XC91cGxvYWRzXC8yMDI0XC8wM1wvRk5SXzk3MDYtc2NhbGVkLmpwZyIsInNsaWRlc2hvdyI6ImFiYjRkM2YifQ%3D%3D\">\n\t\t\t\t\t<div class=\"e-gallery-image elementor-gallery-item__image\" data-thumbnail=\"https:\/\/www.filizapart.com\/wp-content\/uploads\/2024\/03\/FNR_9706-scaled.jpg\" data-width=\"2560\" data-height=\"1708\" aria-label=\"\" role=\"img\" ><\/div>\n\t\t\t\t\t\t\t\t\t\t\t\t\t\t<\/a>\n\t\t\t\t\t\t\t<a class=\"e-gallery-item elementor-gallery-item elementor-animated-content\" data-e-gallery-tags=\"1\" href=\"https:\/\/www.filizapart.com\/wp-content\/uploads\/2024\/03\/FNR_9710-scaled.jpg\" data-elementor-open-lightbox=\"yes\" data-elementor-lightbox-slideshow=\"abb4d3f\" data-e-action-hash=\"#elementor-action%3Aaction%3Dlightbox%26settings%3DeyJpZCI6Njc4LCJ1cmwiOiJodHRwczpcL1wvd3d3LmZpbGl6YXBhcnQuY29tXC93cC1jb250ZW50XC91cGxvYWRzXC8yMDI0XC8wM1wvRk5SXzk3MTAtc2NhbGVkLmpwZyIsInNsaWRlc2hvdyI6ImFiYjRkM2YifQ%3D%3D\">\n\t\t\t\t\t<div class=\"e-gallery-image elementor-gallery-item__image\" data-thumbnail=\"https:\/\/www.filizapart.com\/wp-content\/uploads\/2024\/03\/FNR_9710-scaled.jpg\" data-width=\"2560\" data-height=\"1708\" aria-label=\"\" role=\"img\" ><\/div>\n\t\t\t\t\t\t\t\t\t\t\t\t\t\t<\/a>\n\t\t\t\t\t\t\t<a class=\"e-gallery-item elementor-gallery-item elementor-animated-content\" data-e-gallery-tags=\"1\" href=\"https:\/\/www.filizapart.com\/wp-content\/uploads\/2024\/03\/FNR_9711-scaled.jpg\" data-elementor-open-lightbox=\"yes\" data-elementor-lightbox-slideshow=\"abb4d3f\" data-e-action-hash=\"#elementor-action%3Aaction%3Dlightbox%26settings%3DeyJpZCI6Njc5LCJ1cmwiOiJodHRwczpcL1wvd3d3LmZpbGl6YXBhcnQuY29tXC93cC1jb250ZW50XC91cGxvYWRzXC8yMDI0XC8wM1wvRk5SXzk3MTEtc2NhbGVkLmpwZyIsInNsaWRlc2hvdyI6ImFiYjRkM2YifQ%3D%3D\">\n\t\t\t\t\t<div class=\"e-gallery-image elementor-gallery-item__image\" data-thumbnail=\"https:\/\/www.filizapart.com\/wp-content\/uploads\/2024\/03\/FNR_9711-scaled.jpg\" data-width=\"2560\" data-height=\"1708\" aria-label=\"\" role=\"img\" ><\/div>\n\t\t\t\t\t\t\t\t\t\t\t\t\t\t<\/a>\n\t\t\t\t\t\t\t<a class=\"e-gallery-item elementor-gallery-item elementor-animated-content\" data-e-gallery-tags=\"2\" href=\"https:\/\/www.filizapart.com\/wp-content\/uploads\/2024\/03\/FNR_9713-scaled.jpg\" data-elementor-open-lightbox=\"yes\" data-elementor-lightbox-slideshow=\"abb4d3f\" data-e-action-hash=\"#elementor-action%3Aaction%3Dlightbox%26settings%3DeyJpZCI6NjgwLCJ1cmwiOiJodHRwczpcL1wvd3d3LmZpbGl6YXBhcnQuY29tXC93cC1jb250ZW50XC91cGxvYWRzXC8yMDI0XC8wM1wvRk5SXzk3MTMtc2NhbGVkLmpwZyIsInNsaWRlc2hvdyI6ImFiYjRkM2YifQ%3D%3D\">\n\t\t\t\t\t<div class=\"e-gallery-image elementor-gallery-item__image\" data-thumbnail=\"https:\/\/www.filizapart.com\/wp-content\/uploads\/2024\/03\/FNR_9713-scaled.jpg\" data-width=\"2560\" data-height=\"1708\" aria-label=\"\" role=\"img\" ><\/div>\n\t\t\t\t\t\t\t\t\t\t\t\t\t\t<\/a>\n\t\t\t\t\t\t\t<a class=\"e-gallery-item elementor-gallery-item elementor-animated-content\" data-e-gallery-tags=\"2\" href=\"https:\/\/www.filizapart.com\/wp-content\/uploads\/2024\/03\/FNR_9721-scaled.jpg\" data-elementor-open-lightbox=\"yes\" data-elementor-lightbox-slideshow=\"abb4d3f\" data-e-action-hash=\"#elementor-action%3Aaction%3Dlightbox%26settings%3DeyJpZCI6NjgxLCJ1cmwiOiJodHRwczpcL1wvd3d3LmZpbGl6YXBhcnQuY29tXC93cC1jb250ZW50XC91cGxvYWRzXC8yMDI0XC8wM1wvRk5SXzk3MjEtc2NhbGVkLmpwZyIsInNsaWRlc2hvdyI6ImFiYjRkM2YifQ%3D%3D\">\n\t\t\t\t\t<div class=\"e-gallery-image elementor-gallery-item__image\" data-thumbnail=\"https:\/\/www.filizapart.com\/wp-content\/uploads\/2024\/03\/FNR_9721-scaled.jpg\" data-width=\"2560\" data-height=\"1708\" aria-label=\"\" role=\"img\" ><\/div>\n\t\t\t\t\t\t\t\t\t\t\t\t\t\t<\/a>\n\t\t\t\t\t\t\t<a class=\"e-gallery-item elementor-gallery-item elementor-animated-content\" data-e-gallery-tags=\"2\" href=\"https:\/\/www.filizapart.com\/wp-content\/uploads\/2024\/03\/FNR_9730-scaled.jpg\" data-elementor-open-lightbox=\"yes\" data-elementor-lightbox-slideshow=\"abb4d3f\" data-e-action-hash=\"#elementor-action%3Aaction%3Dlightbox%26settings%3DeyJpZCI6NjgyLCJ1cmwiOiJodHRwczpcL1wvd3d3LmZpbGl6YXBhcnQuY29tXC93cC1jb250ZW50XC91cGxvYWRzXC8yMDI0XC8wM1wvRk5SXzk3MzAtc2NhbGVkLmpwZyIsInNsaWRlc2hvdyI6ImFiYjRkM2YifQ%3D%3D\">\n\t\t\t\t\t<div class=\"e-gallery-image elementor-gallery-item__image\" data-thumbnail=\"https:\/\/www.filizapart.com\/wp-content\/uploads\/2024\/03\/FNR_9730-scaled.jpg\" data-width=\"1708\" data-height=\"2560\" aria-label=\"\" role=\"img\" ><\/div>\n\t\t\t\t\t\t\t\t\t\t\t\t\t\t<\/a>\n\t\t\t\t\t<\/div>\n\t\t\t<\/div>\n\t\t\t\t<\/div>\n\t\t\t\t\t<\/div>\n\t\t<\/div>\n\t\t\t\t\t<\/div>\n\t\t<\/section>\n\t\t\t\t<\/div>","protected":false},"excerpt":{"rendered":"<p>Hepsi Bah\u00e7e Lobi D\u0131\u015f<\/p>","protected":false},"author":1,"featured_media":0,"parent":0,"menu_order":0,"comment_status":"closed","ping_status":"closed","template":"elementor_header_footer","meta":{"footnotes":""},"class_list":["post-645","page","type-page","status-publish","hentry"],"acf":[],"yoast_head":"<!-- This site is optimized with the Yoast SEO plugin v22.6 - https:\/\/yoast.com\/wordpress\/plugins\/seo\/ -->\n<title>Galeri - G\u00f6nen Filiz Apart Pansiyon<\/title>\n<meta name=\"robots\" content=\"index, follow, max-snippet:-1, max-image-preview:large, max-video-preview:-1\" \/>\n<link rel=\"canonical\" href=\"https:\/\/www.filizapart.com\/en\/galeri\/\" \/>\n<meta property=\"og:locale\" content=\"en_US\" \/>\n<meta property=\"og:type\" content=\"article\" \/>\n<meta property=\"og:title\" content=\"Galeri - G\u00f6nen Filiz Apart Pansiyon\" \/>\n<meta property=\"og:description\" content=\"Hepsi Bah\u00e7e Lobi D\u0131\u015f\" \/>\n<meta property=\"og:url\" content=\"https:\/\/www.filizapart.com\/en\/galeri\/\" \/>\n<meta property=\"og:site_name\" content=\"G\u00f6nen Filiz Apart Pansiyon\" \/>\n<meta property=\"article:modified_time\" content=\"2024-03-05T02:14:41+00:00\" \/>\n<meta name=\"twitter:card\" content=\"summary_large_image\" \/>\n<meta name=\"twitter:label1\" content=\"Est. reading time\" \/>\n\t<meta name=\"twitter:data1\" content=\"1 minute\" \/>\n<script type=\"application\/ld+json\" class=\"yoast-schema-graph\">{\"@context\":\"https:\/\/schema.org\",\"@graph\":[{\"@type\":\"WebPage\",\"@id\":\"https:\/\/www.filizapart.com\/galeri\/\",\"url\":\"https:\/\/www.filizapart.com\/galeri\/\",\"name\":\"Galeri - G\u00f6nen Filiz Apart Pansiyon\",\"isPartOf\":{\"@id\":\"https:\/\/www.filizapart.com\/#website\"},\"datePublished\":\"2024-03-05T01:44:06+00:00\",\"dateModified\":\"2024-03-05T02:14:41+00:00\",\"breadcrumb\":{\"@id\":\"https:\/\/www.filizapart.com\/galeri\/#breadcrumb\"},\"inLanguage\":\"en-US\",\"potentialAction\":[{\"@type\":\"ReadAction\",\"target\":[\"https:\/\/www.filizapart.com\/galeri\/\"]}]},{\"@type\":\"BreadcrumbList\",\"@id\":\"https:\/\/www.filizapart.com\/galeri\/#breadcrumb\",\"itemListElement\":[{\"@type\":\"ListItem\",\"position\":1,\"name\":\"Anasayfa\",\"item\":\"https:\/\/www.filizapart.com\/\"},{\"@type\":\"ListItem\",\"position\":2,\"name\":\"Galeri\"}]},{\"@type\":\"WebSite\",\"@id\":\"https:\/\/www.filizapart.com\/#website\",\"url\":\"https:\/\/www.filizapart.com\/\",\"name\":\"G\u00f6nen Filiz Apart Pansiyon\",\"description\":\"G\u00f6nen Pansiyon, G\u00f6nen Otel, G\u00f6nen Konaklama, Kapl\u0131ca Oteli G\u00f6nen\",\"publisher\":{\"@id\":\"https:\/\/www.filizapart.com\/#organization\"},\"potentialAction\":[{\"@type\":\"SearchAction\",\"target\":{\"@type\":\"EntryPoint\",\"urlTemplate\":\"https:\/\/www.filizapart.com\/?s={search_term_string}\"},\"query-input\":\"required name=search_term_string\"}],\"inLanguage\":\"en-US\"},{\"@type\":\"Organization\",\"@id\":\"https:\/\/www.filizapart.com\/#organization\",\"name\":\"G\u00f6nen Filiz Apart Pansiyon\",\"url\":\"https:\/\/www.filizapart.com\/\",\"logo\":{\"@type\":\"ImageObject\",\"inLanguage\":\"en-US\",\"@id\":\"https:\/\/www.filizapart.com\/#\/schema\/logo\/image\/\",\"url\":\"https:\/\/www.filizapart.com\/wp-content\/uploads\/2024\/03\/logo_m.webp\",\"contentUrl\":\"https:\/\/www.filizapart.com\/wp-content\/uploads\/2024\/03\/logo_m.webp\",\"width\":1194,\"height\":535,\"caption\":\"G\u00f6nen Filiz Apart Pansiyon\"},\"image\":{\"@id\":\"https:\/\/www.filizapart.com\/#\/schema\/logo\/image\/\"},\"sameAs\":[\"https:\/\/www.instagram.com\/filizpansiyon\"]}]}<\/script>\n<!-- \/ Yoast SEO plugin. -->","yoast_head_json":{"title":"Galeri - G\u00f6nen Filiz Apart Pansiyon","robots":{"index":"index","follow":"follow","max-snippet":"max-snippet:-1","max-image-preview":"max-image-preview:large","max-video-preview":"max-video-preview:-1"},"canonical":"https:\/\/www.filizapart.com\/en\/galeri\/","og_locale":"en_US","og_type":"article","og_title":"Galeri - G\u00f6nen Filiz Apart Pansiyon","og_description":"Hepsi Bah\u00e7e Lobi D\u0131\u015f","og_url":"https:\/\/www.filizapart.com\/en\/galeri\/","og_site_name":"G\u00f6nen Filiz Apart Pansiyon","article_modified_time":"2024-03-05T02:14:41+00:00","twitter_card":"summary_large_image","twitter_misc":{"Est. reading time":"1 minute"},"schema":{"@context":"https:\/\/schema.org","@graph":[{"@type":"WebPage","@id":"https:\/\/www.filizapart.com\/galeri\/","url":"https:\/\/www.filizapart.com\/galeri\/","name":"Galeri - G\u00f6nen Filiz Apart Pansiyon","isPartOf":{"@id":"https:\/\/www.filizapart.com\/#website"},"datePublished":"2024-03-05T01:44:06+00:00","dateModified":"2024-03-05T02:14:41+00:00","breadcrumb":{"@id":"https:\/\/www.filizapart.com\/galeri\/#breadcrumb"},"inLanguage":"en-US","potentialAction":[{"@type":"ReadAction","target":["https:\/\/www.filizapart.com\/galeri\/"]}]},{"@type":"BreadcrumbList","@id":"https:\/\/www.filizapart.com\/galeri\/#breadcrumb","itemListElement":[{"@type":"ListItem","position":1,"name":"Anasayfa","item":"https:\/\/www.filizapart.com\/"},{"@type":"ListItem","position":2,"name":"Galeri"}]},{"@type":"WebSite","@id":"https:\/\/www.filizapart.com\/#website","url":"https:\/\/www.filizapart.com\/","name":"G\u00f6nen Filiz Apart Pansiyon","description":"G\u00f6nen Pansiyon, G\u00f6nen Otel, G\u00f6nen Konaklama, Kapl\u0131ca Oteli G\u00f6nen","publisher":{"@id":"https:\/\/www.filizapart.com\/#organization"},"potentialAction":[{"@type":"SearchAction","target":{"@type":"EntryPoint","urlTemplate":"https:\/\/www.filizapart.com\/?s={search_term_string}"},"query-input":"required name=search_term_string"}],"inLanguage":"en-US"},{"@type":"Organization","@id":"https:\/\/www.filizapart.com\/#organization","name":"G\u00f6nen Filiz Apart Pansiyon","url":"https:\/\/www.filizapart.com\/","logo":{"@type":"ImageObject","inLanguage":"en-US","@id":"https:\/\/www.filizapart.com\/#\/schema\/logo\/image\/","url":"https:\/\/www.filizapart.com\/wp-content\/uploads\/2024\/03\/logo_m.webp","contentUrl":"https:\/\/www.filizapart.com\/wp-content\/uploads\/2024\/03\/logo_m.webp","width":1194,"height":535,"caption":"G\u00f6nen Filiz Apart Pansiyon"},"image":{"@id":"https:\/\/www.filizapart.com\/#\/schema\/logo\/image\/"},"sameAs":["https:\/\/www.instagram.com\/filizpansiyon"]}]}},"_links":{"self":[{"href":"https:\/\/www.filizapart.com\/en\/wp-json\/wp\/v2\/pages\/645","targetHints":{"allow":["GET"]}}],"collection":[{"href":"https:\/\/www.filizapart.com\/en\/wp-json\/wp\/v2\/pages"}],"about":[{"href":"https:\/\/www.filizapart.com\/en\/wp-json\/wp\/v2\/types\/page"}],"author":[{"embeddable":true,"href":"https:\/\/www.filizapart.com\/en\/wp-json\/wp\/v2\/users\/1"}],"replies":[{"embeddable":true,"href":"https:\/\/www.filizapart.com\/en\/wp-json\/wp\/v2\/comments?post=645"}],"version-history":[{"count":0,"href":"https:\/\/www.filizapart.com\/en\/wp-json\/wp\/v2\/pages\/645\/revisions"}],"wp:attachment":[{"href":"https:\/\/www.filizapart.com\/en\/wp-json\/wp\/v2\/media?parent=645"}],"curies":[{"name":"wp","href":"https:\/\/api.w.org\/{rel}","templated":true}]}}